{"id":497,"date":"2026-01-05T02:02:56","date_gmt":"2026-01-05T02:02:56","guid":{"rendered":"https:\/\/round-balers.com\/?post_type=product&#038;p=497"},"modified":"2026-01-05T04:10:38","modified_gmt":"2026-01-05T04:10:38","slug":"9gd-2-5-reciprocating-single-blade-lawn-mower-for-harvesting-forage-grass","status":"publish","type":"product","link":"https:\/\/round-balers.com\/fi\/tuote\/9gd-2-5-reciprocating-single-blade-lawn-mower-for-harvesting-forage-grass\/","title":{"rendered":"9GD-2.5 Edestakaisin liikkuva yksiter\u00e4inen ruohonleikkuri rehun korjuuseen"},"content":{"rendered":"<h2>9GD-2.5 Yksiter\u00e4isen ruohonleikkurin yleiskatsaus<\/h2>\n<p>The 9GD-2.5 reciprocating single-blade lawn mower is operated by a 15-35KW (20-50 horsepower) wheeled tractor. It is suitable for harvesting natural and planted forage, but is not suitable for use in paddy fields, wetlands, forest areas with many stones and tower heads. This machine features a reasonable structure, convenient operation, low power consumption, the lifting of the cutter is accomplished by the hydraulic system, and a low failure rate. It can be operated by a single tractor driver to complete the lawn mowing operation. This product complies with the standard GB\/T10940-2008 &#8220;Reciprocating Lawn Mower&#8221; and has obtained the &#8220;Agricultural Machinery Test and Appraisal Certificate&#8221;.<\/p>\n<p><img loading=\"lazy\" decoding=\"async\" class=\"aligncenter wp-image-498 size-full\" src=\"https:\/\/round-balers.com\/wp-content\/uploads\/2026\/01\/9GD-2.5-Single-Blade-Lawn-Mower.webp\" alt=\"9GD-2.5 Yksiter\u00e4inen ruohonleikkuri\" width=\"800\" height=\"800\" srcset=\"https:\/\/round-balers.com\/wp-content\/uploads\/2026\/01\/9GD-2.5-Single-Blade-Lawn-Mower.webp 800w, https:\/\/round-balers.com\/wp-content\/uploads\/2026\/01\/9GD-2.5-Single-Blade-Lawn-Mower-480x480.webp 480w\" sizes=\"(min-width: 0px) and (max-width: 480px) 480px, (min-width: 481px) 800px, 100vw\" \/><\/p>\n<h2>Tuotteen tekniset tiedot<\/h2>\n<table class=\"product-table\" style=\"height: 600px; width: 100%;\" border=\"1\" cellspacing=\"0\" cellpadding=\"0\">\n<thead>\n<tr>\n<th style=\"text-align: center;\">Ei.<\/th>\n<th style=\"text-align: center;\">Tuote<\/th>\n<th style=\"text-align: center;\">Yksikk\u00f6<\/th>\n<th style=\"text-align: center;\">Tekniset tiedot<\/th>\n<\/tr>\n<\/thead>\n<tbody>\n<tr>\n<td style=\"text-align: center;\">1<\/td>\n<td style=\"text-align: center;\">Mallin nimi<\/td>\n<td style=\"text-align: center;\">\/<\/td>\n<td style=\"text-align: center;\">9GD-2.5 Hinattava yksiter\u00e4inen ruohonleikkuri<\/td>\n<\/tr>\n<tr>\n<td style=\"text-align: center;\">2<\/td>\n<td style=\"text-align: center;\">Vetokoukun tyyppi<\/td>\n<td style=\"text-align: center;\">\/<\/td>\n<td style=\"text-align: center;\">Hinattava<\/td>\n<\/tr>\n<tr>\n<td style=\"text-align: center;\">3<\/td>\n<td style=\"text-align: center;\">Leikkurirakenteen tyyppi<\/td>\n<td style=\"text-align: center;\">\/<\/td>\n<td style=\"text-align: center;\">Edestakaisin liikkuva<\/td>\n<\/tr>\n<tr>\n<td style=\"text-align: center;\">4<\/td>\n<td style=\"text-align: center;\">Leikkausleveys<\/td>\n<td style=\"text-align: center;\">m<\/td>\n<td style=\"text-align: center;\">2.5<\/td>\n<\/tr>\n<tr>\n<td style=\"text-align: center;\">5<\/td>\n<td style=\"text-align: center;\">Vastaava tehoalue<\/td>\n<td style=\"text-align: center;\">kW<\/td>\n<td style=\"text-align: center;\">15-35<\/td>\n<\/tr>\n<tr>\n<td style=\"text-align: center;\">6<\/td>\n<td style=\"text-align: center;\">Ty\u00f6skentelynopeusalue<\/td>\n<td style=\"text-align: center;\">km\/h<\/td>\n<td style=\"text-align: center;\">6\u201310<\/td>\n<\/tr>\n<tr>\n<td style=\"text-align: center;\">7<\/td>\n<td style=\"text-align: center;\">Liikkuvien terien lukum\u00e4\u00e4r\u00e4<\/td>\n<td style=\"text-align: center;\">kpl<\/td>\n<td style=\"text-align: center;\">34<\/td>\n<\/tr>\n<tr>\n<td style=\"text-align: center;\">8<\/td>\n<td style=\"text-align: center;\">Kokonaismitat (P \u00d7 L \u00d7 K)<\/td>\n<td style=\"text-align: center;\">mm<\/td>\n<td style=\"text-align: center;\">2000 \u00d7 4300 \u00d7 950<\/td>\n<\/tr>\n<tr>\n<td style=\"text-align: center;\">10<\/td>\n<td style=\"text-align: center;\">Voimanottoakselin sis\u00e4\u00e4ntulonopeus<\/td>\n<td style=\"text-align: center;\">kierrosta minuutissa<\/td>\n<td style=\"text-align: center;\">540<\/td>\n<\/tr>\n<tr>\n<td style=\"text-align: center;\">11<\/td>\n<td style=\"text-align: center;\">Keskim\u00e4\u00e4r\u00e4inen s\u00e4ngen pituus<\/td>\n<td style=\"text-align: center;\">mm<\/td>\n<td style=\"text-align: center;\">50-70<\/td>\n<\/tr>\n<tr>\n<td style=\"text-align: center;\">12<\/td>\n<td style=\"text-align: center;\">Tuottavuus<\/td>\n<td style=\"text-align: center;\">hm\u00b2\/h<\/td>\n<td style=\"text-align: center;\">2.0-3.0<\/td>\n<\/tr>\n<tr>\n<td style=\"text-align: center;\">13<\/td>\n<td style=\"text-align: center;\">Operaattoreiden lukum\u00e4\u00e4r\u00e4<\/td>\n<td style=\"text-align: center;\">henkil\u00f6<\/td>\n<td style=\"text-align: center;\">1<\/td>\n<\/tr>\n<tr>\n<td style=\"text-align: center;\">14<\/td>\n<td style=\"text-align: center;\">Rakenteellinen massa<\/td>\n<td style=\"text-align: center;\">kg<\/td>\n<td style=\"text-align: center;\">490<\/td>\n<\/tr>\n<\/tbody>\n<\/table>\n<h2>9GD-2.5 ruohonleikkurin edut<\/h2>\n<p><strong>1. Tehokas sadonkorjuu<\/strong><br \/>\n9GD-2.5 on erityisesti suunniteltu luonnon- ja istutetun nurmikon korjaamiseen tarkasti ja nopeasti. Sen edestakaisin liikkuva yksiter\u00e4inen mekanismi varmistaa puhtaan niiton ja minimoi nurmikon vauriot. T\u00e4m\u00e4 ominaisuus tekee siit\u00e4 ihanteellisen maatalousk\u00e4ytt\u00f6\u00f6n, jossa sek\u00e4 tuottavuus ett\u00e4 korjatun nurmikon laatu ovat etusijalla.<\/p>\n<p><strong>2. Alhainen virrankulutus<\/strong><br \/>\nLeikkuukone toimii tehokkaasti 15\u201335 kW:n (20\u201350 hevosvoiman) traktoreiden kanssa varmistaen alhaisen energiankulutuksen ja s\u00e4ilytt\u00e4en samalla korkean suorituskyvyn. T\u00e4m\u00e4 alentaa viljelij\u00f6iden k\u00e4ytt\u00f6kustannuksia ja mahdollistaa pidemm\u00e4n k\u00e4yt\u00f6n ilman, ett\u00e4 traktori rasittuu liikaa tai polttoainekustannukset nousevat.<\/p>\n<p><strong>3. Ter\u00e4n noston hydraulij\u00e4rjestelm\u00e4<\/strong><br \/>\nHydraulinen ter\u00e4nnostoj\u00e4rjestelm\u00e4 parantaa leikkurin k\u00e4ytt\u00f6mukavuutta ja sopeutumiskyky\u00e4. K\u00e4ytt\u00e4j\u00e4t voivat helposti s\u00e4\u00e4t\u00e4\u00e4 leikkuukorkeutta eri maastojen tai ruohon pituuksien mukaan, mik\u00e4 varmistaa tasaisen leikkuukokemuksen my\u00f6s haastavissa olosuhteissa ja v\u00e4hent\u00e4\u00e4 manuaalisten toimenpiteiden tarvetta.<\/p>\n<p><strong>4. Kest\u00e4v\u00e4 ja luotettava rakenne<\/strong><br \/>\nLeikkuukone on suunniteltu kest\u00e4v\u00e4ksi ja hyvin j\u00e4sennellyksi, ja se kest\u00e4\u00e4 pitki\u00e4 k\u00e4ytt\u00f6tunteja. Sen alhainen vikaantumisaste minimoi seisokkiajat, mik\u00e4 v\u00e4hent\u00e4\u00e4 yll\u00e4pitokustannuksia ja parantaa yleist\u00e4 luotettavuutta. T\u00e4m\u00e4 kest\u00e4vyys tekee siit\u00e4 luotettavan valinnan laajamittaiseen maataloustoimintaan.<\/p>\n<p><strong>5. K\u00e4yt\u00f6n helppous<\/strong><br \/>\n9GD-2.5 vaatii toimiakseen tehokkaasti vain yhden k\u00e4ytt\u00e4j\u00e4n, mik\u00e4 virtaviivaistaa leikkuuprosessia ja v\u00e4hent\u00e4\u00e4 ty\u00f6voimakustannuksia. Sen k\u00e4ytt\u00e4j\u00e4yst\u00e4v\u00e4llinen muotoilu ja yksinkertaiset hallintalaitteet varmistavat, ett\u00e4 my\u00f6s v\u00e4hemm\u00e4n kokeneet k\u00e4ytt\u00e4j\u00e4t voivat k\u00e4sitell\u00e4 laitteita tehokkaasti, mik\u00e4 parantaa tuottavuutta pellolla.<\/p>\n<p><img loading=\"lazy\" decoding=\"async\" class=\"aligncenter wp-image-500 size-full\" src=\"https:\/\/round-balers.com\/wp-content\/uploads\/2026\/01\/9GD-2.5-Single-Blade-Lawn-Mower-Advantages.webp\" alt=\"9GD-2.5 Yksiter\u00e4isen ruohonleikkurin edut\" width=\"1765\" height=\"1288\" srcset=\"https:\/\/round-balers.com\/wp-content\/uploads\/2026\/01\/9GD-2.5-Single-Blade-Lawn-Mower-Advantages.webp 1765w, https:\/\/round-balers.com\/wp-content\/uploads\/2026\/01\/9GD-2.5-Single-Blade-Lawn-Mower-Advantages-1280x934.webp 1280w, https:\/\/round-balers.com\/wp-content\/uploads\/2026\/01\/9GD-2.5-Single-Blade-Lawn-Mower-Advantages-980x715.webp 980w, https:\/\/round-balers.com\/wp-content\/uploads\/2026\/01\/9GD-2.5-Single-Blade-Lawn-Mower-Advantages-480x350.webp 480w\" sizes=\"(min-width: 0px) and (max-width: 480px) 480px, (min-width: 481px) and (max-width: 980px) 980px, (min-width: 981px) and (max-width: 1280px) 1280px, (min-width: 1281px) 1765px, 100vw\" \/><\/p>\n<h2>Sovellusalueet<\/h2>\n<p>9GD-2.5 -yksiter\u00e4inen ruohonleikkuri on monipuolinen maatalousty\u00f6kalu, joka on suunniteltu tehokkaaseen k\u00e4ytt\u00f6\u00f6n tietyiss\u00e4 ymp\u00e4rist\u00f6iss\u00e4. Sen ensisijainen k\u00e4ytt\u00f6tarkoitus on luonnon- ja istutetun rehunruohon korjaaminen, mik\u00e4 tekee siit\u00e4 v\u00e4ltt\u00e4m\u00e4tt\u00f6m\u00e4n laitteen karjankasvattajille ja rehuntuotantoon keskittyville maataloustuottajille. T\u00e4m\u00e4 leikkuri on erinomainen valinta nurmialueiden, niittyjen ja muiden alueiden hoitoon, joilla tarvitaan korkealaatuista rehua karjan ruokintaan. Sen tarkka leikkuumekanismi varmistaa, ett\u00e4 korjattu ruoho pysyy puhtaana ja vahingoittumattomana, s\u00e4ilytt\u00e4en sen ravintoarvon el\u00e4inten rehuksi.<\/p>\n<p>Leikkuri sopii erityisen hyvin k\u00e4ytett\u00e4v\u00e4ksi tasaisilla tai loivasti rinteill\u00e4 olevilla alueilla. Se toimii tehokkaasti avoimilla nurmikoilla, laitumilla ja pelloilla, joilla maa on vapaa esteist\u00e4, kuten kivist\u00e4 tai puiden juurista. Se sopii my\u00f6s erinomaisesti alueille, joilla viljell\u00e4\u00e4n luonnonhein\u00e4\u00e4, sill\u00e4 sen rakenne mahdollistaa tehokkaan niiton h\u00e4iritsem\u00e4tt\u00e4 maaper\u00e4\u00e4 tai kasvien juuria. T\u00e4m\u00e4 tekee siit\u00e4 arvokkaan ty\u00f6kalun kest\u00e4viin viljelyk\u00e4yt\u00e4nt\u00f6ihin ja rehukasvien uudelleenkasvun edist\u00e4miseen.<\/p>\n<p>Vaikka 9GD-2.5 on eritt\u00e4in monipuolinen, se ei sovellu kaikkiin ymp\u00e4rist\u00f6ihin. K\u00e4ytt\u00e4ji\u00e4 kehotetaan olemaan k\u00e4ytt\u00e4m\u00e4tt\u00e4 leikkuria riisipelloilla tai kosteikoilla, koska pehme\u00e4, vettynyt maaper\u00e4 voi heikent\u00e4\u00e4 sen suorituskyky\u00e4 ja heikent\u00e4\u00e4 sen tehokkuutta. Sit\u00e4 ei my\u00f6sk\u00e4\u00e4n tule k\u00e4ytt\u00e4\u00e4 mets\u00e4alueilla, joilla on tihe\u00e4\u00e4 kasvillisuutta, kivi\u00e4 tai kantoja, koska n\u00e4m\u00e4 esteet voivat vahingoittaa ter\u00e4\u00e4 ja lyhent\u00e4\u00e4 koneen k\u00e4ytt\u00f6ik\u00e4\u00e4.<\/p>\n<table style=\"border-collapse: collapse; width: 100%;\">\n<tbody>\n<tr>\n<td style=\"width: 50%;\"><img loading=\"lazy\" decoding=\"async\" class=\"aligncenter wp-image-501 size-full\" src=\"https:\/\/round-balers.com\/wp-content\/uploads\/2026\/01\/9GD-2.5-Lawn-Mower-Applications-1.webp\" alt=\"9GD-2.5 ruohonleikkurin sovellukset\" width=\"1000\" height=\"720\" srcset=\"https:\/\/round-balers.com\/wp-content\/uploads\/2026\/01\/9GD-2.5-Lawn-Mower-Applications-1.webp 1000w, https:\/\/round-balers.com\/wp-content\/uploads\/2026\/01\/9GD-2.5-Lawn-Mower-Applications-1-980x706.webp 980w, https:\/\/round-balers.com\/wp-content\/uploads\/2026\/01\/9GD-2.5-Lawn-Mower-Applications-1-480x346.webp 480w\" sizes=\"(min-width: 0px) and (max-width: 480px) 480px, (min-width: 481px) and (max-width: 980px) 980px, (min-width: 981px) 1000px, 100vw\" \/><\/td>\n<td style=\"width: 50%;\"><img loading=\"lazy\" decoding=\"async\" class=\"aligncenter wp-image-502 size-full\" src=\"https:\/\/round-balers.com\/wp-content\/uploads\/2026\/01\/9GD-2.5-Lawn-Mower-Applications-2.webp\" alt=\"9GD-2.5 ruohonleikkurin sovellukset\" width=\"1000\" height=\"720\" srcset=\"https:\/\/round-balers.com\/wp-content\/uploads\/2026\/01\/9GD-2.5-Lawn-Mower-Applications-2.webp 1000w, https:\/\/round-balers.com\/wp-content\/uploads\/2026\/01\/9GD-2.5-Lawn-Mower-Applications-2-980x706.webp 980w, https:\/\/round-balers.com\/wp-content\/uploads\/2026\/01\/9GD-2.5-Lawn-Mower-Applications-2-480x346.webp 480w\" sizes=\"(min-width: 0px) and (max-width: 480px) 480px, (min-width: 481px) and (max-width: 980px) 980px, (min-width: 981px) 1000px, 100vw\" \/><\/td>\n<\/tr>\n<\/tbody>\n<\/table>\n<h2>Miten edestakaisin liikkuva yksiter\u00e4inen ruohonleikkuri toimii?<\/h2>\n<p>9GD-2.5 -edestakainen yksiter\u00e4inen ruohonleikkuri toimii yksinkertaisella mutta eritt\u00e4in tehokkaalla mekaanisella periaatteella, joka varmistaa tehokkaan ja tarkan ruohonleikkuun. T\u00e4m\u00e4 ruohonleikkuri on suunniteltu k\u00e4ytett\u00e4v\u00e4ksi 15\u201335 kW:n (20\u201350 hevosvoiman) py\u00f6r\u00e4traktorilla, joka tuottaa tarvittavan k\u00e4ytt\u00f6voiman traktorin voimanottoakselin (PTO) kautta. Voimanottoakseli siirt\u00e4\u00e4 py\u00f6rimisenergiaa ruohonleikkuriin, aktivoiden sen leikkuumekanismin ja muut toiminnalliset komponentit.<\/p>\n<p>Ruohonleikkurin ydinleikkausj\u00e4rjestelm\u00e4 koostuu edestakaisin liikkuvasta yksiter\u00e4isest\u00e4 rakenteesta, joka liikkuu edestakaisin vaakasuorassa liikkeess\u00e4. T\u00e4t\u00e4 edestakaista liikett\u00e4 k\u00e4ytt\u00e4\u00e4 ruohonleikkurin kampimekanismi, joka muuntaa traktorin py\u00f6rimisenergian lineaariseksi liikkeeksi. Ter\u00e4 on asennettu leikkuupalkkiin, ja liikkuessaan se leikkaa rehuhein\u00e4n puhtaasti ja tehokkaasti. Ter\u00e4n alla olevat kiinte\u00e4t kannatinlevyt tukevat ruohoa leikkuun aikana varmistaen tarkan ja tasaisen leikkauksen. T\u00e4m\u00e4 rakenne minimoi h\u00e4vikin ja varmistaa, ett\u00e4 rehu korjataan optimaalisessa kunnossa s\u00e4ilytt\u00e4en sen laadun my\u00f6hemp\u00e4\u00e4 k\u00e4ytt\u00f6\u00e4 varten.<\/p>\n<p>Yksi 9GD-2.5-leikkurin erottuvista ominaisuuksista on sen hydraulinen nostoj\u00e4rjestelm\u00e4, jonka avulla k\u00e4ytt\u00e4j\u00e4t voivat helposti nostaa ja laskea leikkuupalkkia. T\u00e4m\u00e4 tarjoaa joustavuutta leikkuukorkeuden s\u00e4\u00e4t\u00e4misess\u00e4 erilaisiin maastoihin tai ruohon pituuksiin sopivaksi. Hydraulij\u00e4rjestelm\u00e4\u00e4 ohjataan suoraan traktorista, mik\u00e4 mahdollistaa sujuvat siirtym\u00e4t ja v\u00e4hent\u00e4\u00e4 manuaalisten s\u00e4\u00e4t\u00f6jen tarvetta.<\/p>\n<p>Lis\u00e4ksi ruohonleikkurissa on tukeva runko ja s\u00e4\u00e4dett\u00e4v\u00e4t komponentit, jotka sopivat erilaisiin ty\u00f6olosuhteisiin. Hy\u00f6dynt\u00e4m\u00e4ll\u00e4 edestakaista leikkuuliikett\u00e4 ja k\u00e4ytt\u00e4j\u00e4n hydraulisen nostoj\u00e4rjestelm\u00e4n hallintaa 9GD-2.5 tarjoaa tasaisen leikkuutehon pit\u00e4en samalla virrankulutuksen alhaisena ja minimoimalla laitteiden kulumisen.<\/p>\n<p><img loading=\"lazy\" decoding=\"async\" class=\"aligncenter wp-image-503 size-full\" src=\"https:\/\/round-balers.com\/wp-content\/uploads\/2026\/01\/9GD-2.5-Lawn-Mower-Working-Principle.webp\" alt=\"9GD-2.5 ruohonleikkurin toimintaperiaate\" width=\"1200\" height=\"800\" srcset=\"https:\/\/round-balers.com\/wp-content\/uploads\/2026\/01\/9GD-2.5-Lawn-Mower-Working-Principle.webp 1200w, https:\/\/round-balers.com\/wp-content\/uploads\/2026\/01\/9GD-2.5-Lawn-Mower-Working-Principle-980x653.webp 980w, https:\/\/round-balers.com\/wp-content\/uploads\/2026\/01\/9GD-2.5-Lawn-Mower-Working-Principle-480x320.webp 480w\" sizes=\"(min-width: 0px) and (max-width: 480px) 480px, (min-width: 481px) and (max-width: 980px) 980px, (min-width: 981px) 1200px, 100vw\" \/><\/p>\n<h2>Usein kysytyt kysymykset<\/h2>\n<p><strong>K: Mink\u00e4 tyyppinen traktori tarvitaan 9GD-2.5-leikkurin k\u00e4ytt\u00e4miseen?<\/strong><br \/>\nA: 9GD-2.5-leikkuri on suunniteltu toimimaan py\u00f6r\u00e4traktoreissa, joiden teho on 15\u201335 kW (20\u201350 hevosvoimaa). T\u00e4m\u00e4 yhteensopivuus varmistaa optimaalisen suorituskyvyn ja tehokkaan toiminnan, jolloin viljelij\u00e4t voivat k\u00e4ytt\u00e4\u00e4 yleisesti maatalousymp\u00e4rist\u00f6iss\u00e4 saatavilla olevia traktoreita ilman erikoislaitteita.<\/p>\n<p><strong>K: Millaisia \u200b\u200bruohoja ja kasveja ruohonleikkuri voi leikata?<\/strong><br \/>\nA: Leikkuri soveltuu luonnon- ja istutetun rehun korjuuseen, joten se on ihanteellinen karjankasvattajille, jotka ovat riippuvaisia \u200b\u200bkorkealaatuisesta rehusta. Se pystyy leikkaamaan tehokkaasti erilaisia \u200b\u200brehukasveja varmistaen siistin niittotuloksen ja s\u00e4ilytt\u00e4en korjatun ruohon ravintoarvon.<\/p>\n<p><strong>K: Voiko ruohonleikkuria k\u00e4ytt\u00e4\u00e4 kaikenlaisissa maastoissa?<\/strong><br \/>\nA: 9GD-2.5 toimii parhaiten tasaisilla tai loivasti kaltevilla alueilla, kuten nurmikoilla, laitumilla ja pelloilla. Se ei kuitenkaan sovellu k\u00e4ytett\u00e4v\u00e4ksi kosteikoilla, riisipelloilla tai mets\u00e4alueilla, joilla on kivi\u00e4, kantoja tai tihe\u00e4\u00e4 kasvillisuutta, koska t\u00e4llaiset olosuhteet voivat vahingoittaa leikkuria tai heikent\u00e4\u00e4 sen tehokkuutta.<\/p>\n<p><strong>K: Miten hydraulinen nostoj\u00e4rjestelm\u00e4 toimii?<\/strong><br \/>\nA: Ruohonleikkurissa on hydraulinen nostoj\u00e4rjestelm\u00e4, jonka avulla k\u00e4ytt\u00e4j\u00e4 voi s\u00e4\u00e4t\u00e4\u00e4 leikkuupalkin korkeutta suoraan traktorista. T\u00e4m\u00e4 mahdollistaa leikkuukorkeuden sujuvan ja tarkan hallinnan, mik\u00e4 helpottaa mukautumista vaihteleviin ruohon pituuksiin ja maasto-olosuhteisiin ilman manuaalisia toimia.<\/p>\n<p><strong>K: Mitk\u00e4 ovat ruohonleikkurin t\u00e4rkeimm\u00e4t huoltovaatimukset?<\/strong><br \/>\nA: Rutiinihuoltoon kuuluu liikkuvien osien, kuten ter\u00e4n ja kampimekanismin, tarkastus ja voitelu sek\u00e4 ter\u00e4palkin puhdistaminen roskien kertymisen est\u00e4miseksi. Hydraulij\u00e4rjestelm\u00e4n ja traktorin voimanottoliit\u00e4nn\u00e4n s\u00e4\u00e4nn\u00f6llinen tarkastus on my\u00f6s t\u00e4rke\u00e4\u00e4 sujuvan toiminnan ja pitk\u00e4n k\u00e4ytt\u00f6i\u00e4n varmistamiseksi.<\/p>\n<p><strong>K: Mit\u00e4 turvaohjeita k\u00e4ytt\u00e4jien tulisi noudattaa?<\/strong><br \/>\nA: K\u00e4ytt\u00e4j\u00e4n on varmistettava ennen ruohonleikkuuta, ett\u00e4 alueella ei ole kivi\u00e4, kantoja tai muita esteit\u00e4. Hydraulij\u00e4rjestelm\u00e4n ja traktorin hallintalaitteiden k\u00e4ytt\u00f6\u00f6n liittyv\u00e4 asianmukainen koulutus on v\u00e4ltt\u00e4m\u00e4t\u00f6nt\u00e4. Irrota aina voimanulosotto ja sammuta traktori ennen huoltot\u00f6iden suorittamista tai tukosten poistamista.<\/p>\n<p><strong>K: Miten edestakaisin liikkuva ter\u00e4j\u00e4rjestelm\u00e4 toimii?<\/strong><br \/>\nA: Edestakaisin liikkuva ter\u00e4 liikkuu edestakaisin vaakasuorassa liikkeess\u00e4, jota k\u00e4ytt\u00e4\u00e4 leikkurin kampimekanismi. T\u00e4m\u00e4 liike mahdollistaa ter\u00e4n leikkaavan ruohon siististi kiinteit\u00e4 kannatinlevyj\u00e4 vasten, mik\u00e4 varmistaa tehokkaan leikkuun ja minimoi rehun vauriot.<\/p>\n<p><strong>K: Mik\u00e4 tekee t\u00e4st\u00e4 ruohonleikkurista energiatehokkaan?<\/strong><br \/>\nA: Leikkurin rakenne varmistaa alhaisen virrankulutuksen optimoimalla edestakaisin liikkuvan ter\u00e4j\u00e4rjestelm\u00e4n ja hydrauliset komponentit. Se on yhteensopiva pienitehoisempien traktoreiden kanssa, mik\u00e4 v\u00e4hent\u00e4\u00e4 polttoaineenkulutusta ja tarjoaa silti korkealaatuisen suorituskyvyn. Se on kustannustehokas valinta maanviljelij\u00f6ille.<\/p>\n<p><strong>K: Mik\u00e4 on ruohonleikkurin ensisijainen etu maanviljelij\u00f6ille?<\/strong><br \/>\nA: Ruohonleikkuri tarjoaa yhdistelm\u00e4n tehokkuutta, luotettavuutta ja helppok\u00e4ytt\u00f6isyytt\u00e4. Sen kyky korjata rehuhein\u00e4\u00e4 tarkasti yhdistettyn\u00e4 ominaisuuksiin, kuten hydrauliseen nostoj\u00e4rjestelm\u00e4\u00e4n ja alhaiseen huoltotarpeeseen, tekee siit\u00e4 arvokkaan ty\u00f6kalun maataloustoiminnan virtaviivaistamiseen ja tuottavuuden parantamiseen.<\/p>\n<p><img loading=\"lazy\" decoding=\"async\" class=\"aligncenter wp-image-504 size-full\" src=\"https:\/\/round-balers.com\/wp-content\/uploads\/2026\/01\/9GD-2.5-Single-Blade-Lawn-Mower-1.webp\" alt=\"9GD-2.5 Yksiter\u00e4inen ruohonleikkuri\" width=\"1200\" height=\"900\" srcset=\"https:\/\/round-balers.com\/wp-content\/uploads\/2026\/01\/9GD-2.5-Single-Blade-Lawn-Mower-1.webp 1200w, https:\/\/round-balers.com\/wp-content\/uploads\/2026\/01\/9GD-2.5-Single-Blade-Lawn-Mower-1-980x735.webp 980w, https:\/\/round-balers.com\/wp-content\/uploads\/2026\/01\/9GD-2.5-Single-Blade-Lawn-Mower-1-480x360.webp 480w\" sizes=\"(min-width: 0px) and (max-width: 480px) 480px, (min-width: 481px) and (max-width: 980px) 980px, (min-width: 981px) 1200px, 100vw\" \/><\/p>\n<h2>Asiakasarvostelut<\/h2>\n<p><strong>Yhdysvaltain asiakas:<\/strong><br \/>\n\u201d9GD-2.5-yksiter\u00e4inen ruohonleikkuri on mullistanut tilani. Sen yksinkertainen rakenne ja luotettava suorituskyky tekev\u00e4t siit\u00e4 ihanteellisen nurmikonkorjuuseen. Arvostan sen alhaista virrankulutusta, joka auttaa s\u00e4\u00e4st\u00e4m\u00e4\u00e4n polttoainekustannuksissa, ja hydraulinen nostoj\u00e4rjestelm\u00e4 on valtava ajans\u00e4\u00e4st\u00f6. Todella erinomainen sijoitus!\u201d<\/p>\n<p><strong>Australialainen asiakas:<\/strong><br \/>\n\u201dK\u00e4yt\u00e4mme 9GD-2.5-niittokonetta suurella karjatilallamme, ja se ylitt\u00e4\u00e4 odotukset. Se tuottaa siistin ja tarkan niittotuloksen jopa ep\u00e4tasaisessa maastossa. Niittokoneen yhteensopivuus traktorimme kanssa ja sen v\u00e4h\u00e4inen huoltotarve tekev\u00e4t siit\u00e4 k\u00e4yt\u00e4nn\u00f6llisen valinnan australialaisille maanviljelij\u00f6ille, jotka etsiv\u00e4t luotettavaa konetta rehunkorjuuseen.\u201d<\/p>\n<p><strong>Brasilialainen asiakas:<\/strong><br \/>\n\u201dT\u00e4m\u00e4 ruohonleikkuri toimii t\u00e4ydellisesti rehukasvien leikkaamiseen Brasilian vaihtelevissa olosuhteissa. Se on kest\u00e4v\u00e4, helppok\u00e4ytt\u00f6inen ja hydraulinen j\u00e4rjestelm\u00e4 mahdollistaa nopeat s\u00e4\u00e4d\u00f6t eri peltotyypeille. Olen ollut vaikuttunut sen tehokkuudesta, erityisesti sadonkorjuusesonkien huippuaikoina. Suosittelen l\u00e4mpim\u00e4sti!\u201d<\/p>\n<p><strong>Ranskalainen asiakas:<\/strong><br \/>\n\u201d9GD-2.5-niittokone on uskomattoman tehokas rehun korjuussa maitotilallani. Sen puhdas niittomekanismi varmistaa korkealaatuisen rehun karjalleni. Rakastan my\u00f6s sit\u00e4, kuinka helppoa sit\u00e4 on k\u00e4ytt\u00e4\u00e4 tavallisella traktorilla. Huoltovapaa on minimaalinen ja suorituskyky pysyy tasaisena jopa intensiivisen k\u00e4yt\u00f6n j\u00e4lkeen.\u201d<\/p>\n<p><strong>Saksalainen asiakas:<\/strong><br \/>\n\u201dSaksalaiset maatilat vaativat tarkkuutta ja luotettavuutta, ja 9GD-2.5 tarjoaa molemmat. Niittokoneen vankka rakenne ja alhainen vikaantumisaste tekev\u00e4t siit\u00e4 ihanteellisen pelloilleni. Arvostan erityisesti sen kansainv\u00e4listen standardien noudattamista ja korkealaatuista ty\u00f6nj\u00e4lke\u00e4, joka n\u00e4kyy jokaisessa yksityiskohdassa. Se on luotettava laite.\u201d<\/p>\n<p><strong>Kanadalainen asiakas:<\/strong><br \/>\n\u201dRehupeltojemme ty\u00f6t Kanadassa voivat olla haastavia, mutta 9GD-2.5 selviytyy niist\u00e4 helposti. Niittokoneen tehokkuus ja tasainen leikkuulaatu ovat parantaneet merkitt\u00e4v\u00e4sti tuottavuuttamme. Helppok\u00e4ytt\u00f6isyys jopa yhdelle henkil\u00f6lle on merkitt\u00e4v\u00e4 etu, samoin kuin sen yhteensopivuus traktorikalustomme kanssa.\u201d<\/p>\n<p><strong>Alankomaiden asiakas:<\/strong><br \/>\n\u201dAlankomaissa, miss\u00e4 maatalouden tehokkuus on avainasemassa, 9GD-2.5-niittokone on toiminut poikkeuksellisen hyvin tilallani. Sit\u00e4 on helppo s\u00e4\u00e4t\u00e4\u00e4 erilaisten pelto-olosuhteiden v\u00e4lill\u00e4, ja hydraulinen nostoj\u00e4rjestelm\u00e4 on erinomainen ominaisuus. My\u00f6s niittokoneen alhainen virrankulutus on suuri plussa, joka alentaa kokonaisk\u00e4ytt\u00f6kustannuksia.\u201d<\/p>\n<p><strong>Ven\u00e4j\u00e4 Asiakas:<\/strong><br \/>\n\u201dVen\u00e4j\u00e4ll\u00e4 maanviljely tarkoittaa usein ty\u00f6skentely\u00e4 vaihtelevissa maastoissa, ja t\u00e4m\u00e4 niittokone selviytyy kaikesta. Ter\u00e4mekanismi on tehokas ja tarkka, joten se sopii t\u00e4ydellisesti rehunkorjuuseen. Hydraulinen ohjausj\u00e4rjestelm\u00e4 yksinkertaistaa toimintoja, ja sen kest\u00e4vyys varmistaa, ett\u00e4 se kest\u00e4\u00e4 pitki\u00e4 ty\u00f6tunteja ilman ongelmia.\u201d<\/p>\n<p><strong>Intialainen asiakas:<\/strong><br \/>\n\u201d9GD-2.5-niittokone on ollut erinomainen lis\u00e4 maatilalleni Intiassa. Se on tehokas, luotettava ja helppok\u00e4ytt\u00f6inen jopa pienille viljelij\u00f6ille. Puhdas niittomekanismi varmistaa korkealaatuisen rehun, ja koneen v\u00e4h\u00e4inen huoltotarve tekee siit\u00e4 eritt\u00e4in k\u00e4ytt\u00e4j\u00e4yst\u00e4v\u00e4llisen. Se on t\u00e4ydellinen ratkaisu intialaisille viljelij\u00f6ille.\u201d<\/p>","protected":false},"excerpt":{"rendered":"<p>9GD-2.5 -edestakainen yksiter\u00e4inen ruohonleikkuri on tarkoitettu k\u00e4ytett\u00e4v\u00e4ksi 15\u201335 kW:n (20\u201350 hevosvoiman) py\u00f6r\u00e4traktorilla. Se soveltuu luonnon- ja istutusrehun korjuuseen, mutta ei sovellu k\u00e4ytett\u00e4v\u00e4ksi riisipelloilla, kosteikoilla tai kivisill\u00e4 mets\u00e4alueilla ja torninp\u00e4ill\u00e4. T\u00e4ll\u00e4 koneella on j\u00e4rkev\u00e4 rakenne, k\u00e4tev\u00e4 k\u00e4ytt\u00f6, alhainen virrankulutus, leikkurin nosto tapahtuu hydraulij\u00e4rjestelm\u00e4n avulla ja alhainen vikaantumisaste. Yksi traktorinkuljettaja voi k\u00e4ytt\u00e4\u00e4 sit\u00e4 nurmikonleikkuuta varten.<\/p>","protected":false},"featured_media":498,"template":"","meta":{"_et_pb_use_builder":"","_et_pb_old_content":"","_et_gb_content_width":""},"product_brand":[],"product_cat":[21],"product_tag":[30,31,34,32,33],"class_list":{"0":"post-497","1":"product","2":"type-product","3":"status-publish","4":"has-post-thumbnail","6":"product_cat-lawn-mowers","7":"product_tag-lawn-mower","8":"product_tag-lawn-mower-for-sale","9":"product_tag-lawn-mower-for-tractor","10":"product_tag-lawn-mower-manufacturers","11":"product_tag-lawn-mower-suppliers","13":"first","14":"instock","15":"shipping-taxable","16":"product-type-simple"},"_links":{"self":[{"href":"https:\/\/round-balers.com\/fi\/wp-json\/wp\/v2\/product\/497","targetHints":{"allow":["GET"]}}],"collection":[{"href":"https:\/\/round-balers.com\/fi\/wp-json\/wp\/v2\/product"}],"about":[{"href":"https:\/\/round-balers.com\/fi\/wp-json\/wp\/v2\/types\/product"}],"wp:featuredmedia":[{"embeddable":true,"href":"https:\/\/round-balers.com\/fi\/wp-json\/wp\/v2\/media\/498"}],"wp:attachment":[{"href":"https:\/\/round-balers.com\/fi\/wp-json\/wp\/v2\/media?parent=497"}],"wp:term":[{"taxonomy":"product_brand","embeddable":true,"href":"https:\/\/round-balers.com\/fi\/wp-json\/wp\/v2\/product_brand?post=497"},{"taxonomy":"product_cat","embeddable":true,"href":"https:\/\/round-balers.com\/fi\/wp-json\/wp\/v2\/product_cat?post=497"},{"taxonomy":"product_tag","embeddable":true,"href":"https:\/\/round-balers.com\/fi\/wp-json\/wp\/v2\/product_tag?post=497"}],"curies":[{"name":"wp","href":"https:\/\/api.w.org\/{rel}","templated":true}]}}