{"id":490,"date":"2026-01-05T01:14:51","date_gmt":"2026-01-05T01:14:51","guid":{"rendered":"https:\/\/round-balers.com\/?post_type=product&#038;p=490"},"modified":"2026-01-05T04:10:38","modified_gmt":"2026-01-05T04:10:38","slug":"9gqy-3-2-lawn-mower-for-cutting-forage-grass-and-reeds","status":"publish","type":"product","link":"https:\/\/round-balers.com\/fi\/tuote\/9gqy-3-2-lawn-mower-for-cutting-forage-grass-and-reeds\/","title":{"rendered":"9GQY-3.2 ruohonleikkuri rehun ja ruo'on leikkaamiseen"},"content":{"rendered":"<h2>9GQY-3.2 Ruohonleikkurin yleiskatsaus<\/h2>\n<p>Vetotyyppinen 9GQY-3.2 ruohonleikkuri on suunniteltu erityisesti rehuhein\u00e4n ja ruo'on korjaamiseen. Se on varustettu eritt\u00e4in kelluvalla suojalaitteella. Kohdatessaan kivi\u00e4 tai puiden juuria se nousee automaattisesti yl\u00f6s. Esteen ylityksen j\u00e4lkeen se palaa automaattisesti ty\u00f6asentoon, mik\u00e4 paitsi suojaa leikkuup\u00e4\u00e4t\u00e4 my\u00f6s parantaa ty\u00f6tehokkuutta. Siin\u00e4 on ainutlaatuinen kaksoisjousitus. Leikkuup\u00e4\u00e4j\u00e4rjestelm\u00e4 ja litistyslaite ovat riippumattomia rungosta, niill\u00e4 on voimakas muodonj\u00e4ljittelykyky ja ne soveltuvat kaikkiin maasto-olosuhteisiin.<\/p>\n<p><img loading=\"lazy\" decoding=\"async\" class=\"aligncenter wp-image-491 size-full\" src=\"https:\/\/round-balers.com\/wp-content\/uploads\/2026\/01\/9GQY-3.2-Lawn-Mower.webp\" alt=\"9GQY-3.2 ruohonleikkuri\" width=\"800\" height=\"800\" srcset=\"https:\/\/round-balers.com\/wp-content\/uploads\/2026\/01\/9GQY-3.2-Lawn-Mower.webp 800w, https:\/\/round-balers.com\/wp-content\/uploads\/2026\/01\/9GQY-3.2-Lawn-Mower-480x480.webp 480w\" sizes=\"(min-width: 0px) and (max-width: 480px) 480px, (min-width: 481px) 800px, 100vw\" \/><\/p>\n<h2>Tuotteen tekniset tiedot<\/h2>\n<table class=\"product-table\" style=\"height: 563px; width: 100%;\" border=\"1\" cellspacing=\"0\" cellpadding=\"0\">\n<thead>\n<tr style=\"height: 23px;\">\n<th style=\"width: 9.21485%; text-align: center; height: 23px;\">Ei.<\/th>\n<th style=\"width: 37.3069%; text-align: center; height: 23px;\">Tuote<\/th>\n<th style=\"width: 10.2174%; text-align: center; height: 23px;\">Yksikk\u00f6<\/th>\n<th style=\"width: 40.8696%; text-align: center; height: 23px;\">Tekniset tiedot<\/th>\n<\/tr>\n<\/thead>\n<tbody>\n<tr style=\"height: 36px;\">\n<td style=\"width: 9.21485%; text-align: center; height: 36px;\">1<\/td>\n<td style=\"width: 37.3069%; text-align: center; height: 36px;\">Mallin nimi<\/td>\n<td style=\"width: 10.2174%; text-align: center; height: 36px;\">\/<\/td>\n<td style=\"width: 40.8696%; text-align: center; height: 36px;\">9GQY-3.2 Ruohonleikkuri<\/td>\n<\/tr>\n<tr style=\"height: 36px;\">\n<td style=\"width: 9.21485%; text-align: center; height: 36px;\">2<\/td>\n<td style=\"width: 37.3069%; text-align: center; height: 36px;\">Vetokoukun\/hinauslaitteen tyyppi<\/td>\n<td style=\"width: 10.2174%; text-align: center; height: 36px;\">\/<\/td>\n<td style=\"width: 40.8696%; text-align: center; height: 36px;\">Sivuveto<\/td>\n<\/tr>\n<tr style=\"height: 36px;\">\n<td style=\"width: 9.21485%; text-align: center; height: 36px;\">3<\/td>\n<td style=\"width: 37.3069%; text-align: center; height: 36px;\">Leikkausleveys<\/td>\n<td style=\"width: 10.2174%; text-align: center; height: 36px;\">m<\/td>\n<td style=\"width: 40.8696%; text-align: center; height: 36px;\">3.2<\/td>\n<\/tr>\n<tr style=\"height: 36px;\">\n<td style=\"width: 9.21485%; text-align: center; height: 36px;\">4<\/td>\n<td style=\"width: 37.3069%; text-align: center; height: 36px;\">Leikkurirakenteen tyyppi<\/td>\n<td style=\"width: 10.2174%; text-align: center; height: 36px;\">\/<\/td>\n<td style=\"width: 40.8696%; text-align: center; height: 36px;\">Py\u00f6riv\u00e4<\/td>\n<\/tr>\n<tr style=\"height: 36px;\">\n<td style=\"width: 9.21485%; text-align: center; height: 36px;\">5<\/td>\n<td style=\"width: 37.3069%; text-align: center; height: 36px;\">Levyjen lukum\u00e4\u00e4r\u00e4<\/td>\n<td style=\"width: 10.2174%; text-align: center; height: 36px;\">kpl<\/td>\n<td style=\"width: 40.8696%; text-align: center; height: 36px;\">8<\/td>\n<\/tr>\n<tr style=\"height: 36px;\">\n<td style=\"width: 9.21485%; text-align: center; height: 36px;\">6<\/td>\n<td style=\"width: 37.3069%; text-align: center; height: 36px;\">Hoitoaineen tyyppi<\/td>\n<td style=\"width: 10.2174%; text-align: center; height: 36px;\">\/<\/td>\n<td style=\"width: 40.8696%; text-align: center; height: 36px;\">Varstaleikkuri\/piikkimurskain<\/td>\n<\/tr>\n<tr style=\"height: 36px;\">\n<td style=\"width: 9.21485%; text-align: center; height: 36px;\">7<\/td>\n<td style=\"width: 37.3069%; text-align: center; height: 36px;\">Karhon leveys<\/td>\n<td style=\"width: 10.2174%; text-align: center; height: 36px;\">m<\/td>\n<td style=\"width: 40.8696%; text-align: center; height: 36px;\">0.8-2.2<\/td>\n<\/tr>\n<tr style=\"height: 36px;\">\n<td style=\"width: 9.21485%; text-align: center; height: 36px;\">8<\/td>\n<td style=\"width: 37.3069%; text-align: center; height: 36px;\">Vastaava tehoalue<\/td>\n<td style=\"width: 10.2174%; text-align: center; height: 36px;\">kW\/hv<\/td>\n<td style=\"width: 40.8696%; text-align: center; height: 36px;\">\u226580,88\/110<\/td>\n<\/tr>\n<tr style=\"height: 36px;\">\n<td style=\"width: 9.21485%; text-align: center; height: 36px;\">9<\/td>\n<td style=\"width: 37.3069%; text-align: center; height: 36px;\">Ty\u00f6skentelynopeusalue<\/td>\n<td style=\"width: 10.2174%; text-align: center; height: 36px;\">km\/h<\/td>\n<td style=\"width: 40.8696%; text-align: center; height: 36px;\">6\u201315<\/td>\n<\/tr>\n<tr style=\"height: 36px;\">\n<td style=\"width: 9.21485%; text-align: center; height: 36px;\">10<\/td>\n<td style=\"width: 37.3069%; text-align: center; height: 36px;\">Voimanottoakselin sis\u00e4\u00e4ntulonopeus<\/td>\n<td style=\"width: 10.2174%; text-align: center; height: 36px;\">kierrosta minuutissa<\/td>\n<td style=\"width: 40.8696%; text-align: center; height: 36px;\">540-1000<\/td>\n<\/tr>\n<tr style=\"height: 36px;\">\n<td style=\"width: 9.21485%; text-align: center; height: 36px;\">11<\/td>\n<td style=\"width: 37.3069%; text-align: center; height: 36px;\">Liikkuvien terien lukum\u00e4\u00e4r\u00e4<\/td>\n<td style=\"width: 10.2174%; text-align: center; height: 36px;\">kpl<\/td>\n<td style=\"width: 40.8696%; text-align: center; height: 36px;\">16<\/td>\n<\/tr>\n<tr style=\"height: 36px;\">\n<td style=\"width: 9.21485%; text-align: center; height: 36px;\">12<\/td>\n<td style=\"width: 37.3069%; text-align: center; height: 36px;\">Kokonaismitat (P \u00d7 L \u00d7 K)<\/td>\n<td style=\"width: 10.2174%; text-align: center; height: 36px;\">mm<\/td>\n<td style=\"width: 40.8696%; text-align: center; height: 36px;\">6750 \u00d7 3500 \u00d7 2000<\/td>\n<\/tr>\n<tr style=\"height: 36px;\">\n<td style=\"width: 9.21485%; text-align: center; height: 36px;\">13<\/td>\n<td style=\"width: 37.3069%; text-align: center; height: 36px;\">Keskim\u00e4\u00e4r\u00e4inen s\u00e4ngen pituus<\/td>\n<td style=\"width: 10.2174%; text-align: center; height: 36px;\">mm<\/td>\n<td style=\"width: 40.8696%; text-align: center; height: 36px;\">\u226550<\/td>\n<\/tr>\n<tr style=\"height: 36px;\">\n<td style=\"width: 9.21485%; text-align: center; height: 36px;\">14<\/td>\n<td style=\"width: 37.3069%; text-align: center; height: 36px;\">Operaattoreiden lukum\u00e4\u00e4r\u00e4<\/td>\n<td style=\"width: 10.2174%; text-align: center; height: 36px;\">henkil\u00f6<\/td>\n<td style=\"width: 40.8696%; text-align: center; height: 36px;\">1<\/td>\n<\/tr>\n<tr style=\"height: 36px;\">\n<td style=\"width: 9.21485%; text-align: center; height: 36px;\">15<\/td>\n<td style=\"width: 37.3069%; text-align: center; height: 36px;\">Rakenteellinen massa<\/td>\n<td style=\"width: 10.2174%; text-align: center; height: 36px;\">kg<\/td>\n<td style=\"width: 40.8696%; text-align: center; height: 36px;\">2185<\/td>\n<\/tr>\n<\/tbody>\n<\/table>\n<h2>Tuotteen edut<\/h2>\n<p>Sivulle siirretty vetorunko soveltuu paremmin ty\u00f6olosuhteiden tarkkailuun. Siin\u00e4 on integroitu \u00f6ljykylpyvaihteisto, joka on eritt\u00e4in luotettava ja jonka yll\u00e4pitokustannukset ovat alhaiset. Uudessa leikkuup\u00e4\u00e4n suojauksessa on py\u00f6re\u00e4 leikkuup\u00e4\u00e4, jolla on hyv\u00e4 l\u00e4pikulkukyky ja joka est\u00e4\u00e4 tehokkaasti kivien aiheuttamat vauriot. V\u00e4\u00e4nt\u00f6voimalevyn leikkaus on ter\u00e4v\u00e4mpi ja tehokkaampi. Hammastettu tasoituslaite sopii runsassatoisille Poaceae-heimon heinille, ruo'olle jne. Kumirullatyyppisen tasoituslaitteen korvaaminen sopii ensimm\u00e4iselle hein\u00e4lle.<\/p>\n<p>Nurmikonleikkuri ja -tasoituskone leikkaa siististi, j\u00e4tt\u00e4\u00e4 lehdet tasaisesti ja leikkaa pehme\u00e4sti luoden hyv\u00e4n pohjan seuraavalle kasvuvaiheelle.<\/p>\n<ul>\n<li>Kierretyt ter\u00e4t: Saavuta puhtaimmat leikkaukset miss\u00e4 tahansa tilanteessa ja pident\u00e4 k\u00e4ytt\u00f6ik\u00e4\u00e4 molemmilla puolilla.<\/li>\n<li>Py\u00f6re\u00e4 leikkuup\u00e4\u00e4: Suorituskyky\u00e4 on parannettu huomattavasti.<\/li>\n<li>Suuri \u00f6ljypitoisuus: Sill\u00e4 on erinomaiset j\u00e4\u00e4hdytys- ja voiteluominaisuudet.<\/li>\n<li>Matala melutaso: Erityinen vaihderakenne;<\/li>\n<li>Erinomainen leikkausteho: Siisti leikkaus, tasainen j\u00e4\u00e4nn\u00f6s ja tasainen leikkaus.<\/li>\n<li>T\u00e4ysin hitsattu vaihteisto: Ei \u00f6ljyvuodon riski\u00e4, \u200b\u200bsuuri kapasiteetti.<\/li>\n<\/ul>\n<p>Hammastyyppinen litistyslaite on eritt\u00e4in tehokas. Se leikkaa laitteen avulla l\u00e4pi kasvin varsien vahamaisen kerroksen, jolloin kosteus p\u00e4\u00e4see haihtumaan ja kuivumisprosessi saadaan p\u00e4\u00e4t\u00f6kseen. Iskuhampaiden litistyslaite on puoliksi keinuva. Ty\u00f6skentelyn aikana iskuhampaat palautuvat, jolloin kivien ja vieraiden esineiden l\u00e4p\u00e4isylle j\u00e4\u00e4 enemm\u00e4n tilaa, mik\u00e4 suojaa iskuhampaita tehokkaasti.<\/p>\n<p><img loading=\"lazy\" decoding=\"async\" class=\"aligncenter wp-image-493 size-full\" src=\"https:\/\/round-balers.com\/wp-content\/uploads\/2026\/01\/9GQY-3.2-Lawn-Mower-Advantages.webp\" alt=\"9GQY-3.2 Lawn Mower Advantages\" width=\"1842\" height=\"1238\" srcset=\"https:\/\/round-balers.com\/wp-content\/uploads\/2026\/01\/9GQY-3.2-Lawn-Mower-Advantages.webp 1842w, https:\/\/round-balers.com\/wp-content\/uploads\/2026\/01\/9GQY-3.2-Lawn-Mower-Advantages-1280x860.webp 1280w, https:\/\/round-balers.com\/wp-content\/uploads\/2026\/01\/9GQY-3.2-Lawn-Mower-Advantages-980x659.webp 980w, https:\/\/round-balers.com\/wp-content\/uploads\/2026\/01\/9GQY-3.2-Lawn-Mower-Advantages-480x323.webp 480w\" sizes=\"(min-width: 0px) and (max-width: 480px) 480px, (min-width: 481px) and (max-width: 980px) 980px, (min-width: 981px) and (max-width: 1280px) 1280px, (min-width: 1281px) 1842px, 100vw\" \/><\/p>\n<h2>9GQY-3.2 Ruohonleikkurin sovellukset<\/h2>\n<p>9GQY-3.2 -ruohonleikkuri on monipuolinen ja luotettava kone, joka on suunniteltu monenlaisiin maatalousteht\u00e4viin ja sopii erityisesti nurmikon, ruo'on ja muiden runsassatoisten kasvien leikkaamiseen. Sen edistyksellinen muotoilu ja kest\u00e4v\u00e4 rakenne tekev\u00e4t siit\u00e4 ihanteellisen valinnan maanviljelij\u00f6ille ja maatalousalan toimijoille, jotka etsiv\u00e4t tehokkuutta, tarkkuutta ja pitk\u00e4aikaista kest\u00e4vyytt\u00e4 toiminnassaan.<\/p>\n<p>Yksi 9GQY-3.2:n ensisijaisista k\u00e4ytt\u00f6tarkoituksista on rehun leikkaaminen ja tasoittaminen. Se varmistaa siistin ja tasaisen niittotuloksen sek\u00e4 tasaisesti jakautuneen kasvij\u00e4tteen, mik\u00e4 luo optimaalisen pohjan uudelleenkasvulle ja sit\u00e4 seuraaville sadonkorjuujaksoille. Leikkuri on erityisen tehokas k\u00e4sittelem\u00e4\u00e4n Poaceae-heimon heini\u00e4, joita k\u00e4ytet\u00e4\u00e4n yleisesti el\u00e4inten rehuntuotannossa. Sen kyky leikata tarkasti ja tasaisesti parantaa korjatun rehun laatua ja varmistaa paremman ravintoarvon karjalle.<\/p>\n<p>Toinen keskeinen k\u00e4ytt\u00f6kohde on ruo'on leikkaaminen kosteikoilla ja soisilla alueilla. Py\u00f6re\u00e4n leikkuup\u00e4\u00e4n ja v\u00e4\u00e4nt\u00f6voimalevyn ansiosta kone k\u00e4sittelee helposti tiheit\u00e4 ja kovia ruo'oja, mik\u00e4 tekee siit\u00e4 arvokkaan ty\u00f6kalun kasvillisuuden hallintaan haastavissa maastoissa. Leikkureiden kelluva suojausj\u00e4rjestelm\u00e4 varmistaa keskeytym\u00e4tt\u00f6m\u00e4n toiminnan my\u00f6s kohdatessa esteit\u00e4, kuten kivi\u00e4, juuria tai ep\u00e4tasaista maata.<\/p>\n<p>Lis\u00e4ksi 9GQY-3.2 on eritt\u00e4in tehokas satoisten kasvien k\u00e4sittelyss\u00e4, jotka vaativat litist\u00e4mist\u00e4 nopeamman kuivumisen saavuttamiseksi. Sen hammastettu litistyslaite on suunniteltu leikkaamaan kasvien varsien vahamaisen kerroksen l\u00e4pi, jolloin kosteus p\u00e4\u00e4see haihtumaan tehokkaammin. T\u00e4m\u00e4 ominaisuus on erityisen hy\u00f6dyllinen esimerkiksi sinimailaiselle tai apilalle, jotka vaativat nopeaa ja tasaista kuivumista laadun s\u00e4ilytt\u00e4miseksi.<\/p>\n<p>Leikkureiden sopeutumiskyky erilaisiin maastoihin, kuten ep\u00e4tasaisiin ja kalteviin maisemiin, laajentaa sen k\u00e4ytt\u00f6mahdollisuuksia entisest\u00e4\u00e4n. Alhaisten huoltotarpeidensa, kest\u00e4v\u00e4n rakenteensa ja korkean tehokkuutensa ansiosta 9GQY-3.2 -ruohonleikkuri on v\u00e4ltt\u00e4m\u00e4t\u00f6n ty\u00f6kalu rehunkorjuuseen, ruo'on leikkaamiseen ja kasvillisuuden hoitoon erilaisissa maatalousolosuhteissa.<\/p>\n<p><img loading=\"lazy\" decoding=\"async\" class=\"aligncenter wp-image-494 size-full\" src=\"https:\/\/round-balers.com\/wp-content\/uploads\/2026\/01\/9GQY-3.2-Lawn-Mower-Applications.webp\" alt=\"9GQY-3.2 Ruohonleikkurin sovellukset\" width=\"1493\" height=\"888\" srcset=\"https:\/\/round-balers.com\/wp-content\/uploads\/2026\/01\/9GQY-3.2-Lawn-Mower-Applications.webp 1493w, https:\/\/round-balers.com\/wp-content\/uploads\/2026\/01\/9GQY-3.2-Lawn-Mower-Applications-1280x761.webp 1280w, https:\/\/round-balers.com\/wp-content\/uploads\/2026\/01\/9GQY-3.2-Lawn-Mower-Applications-980x583.webp 980w, https:\/\/round-balers.com\/wp-content\/uploads\/2026\/01\/9GQY-3.2-Lawn-Mower-Applications-480x285.webp 480w\" sizes=\"(min-width: 0px) and (max-width: 480px) 480px, (min-width: 481px) and (max-width: 980px) 980px, (min-width: 981px) and (max-width: 1280px) 1280px, (min-width: 1281px) 1493px, 100vw\" \/><\/p>\n<h2>Toimintaperiaate<\/h2>\n<p>9GQY-3.2 -ruohonleikkuri toimii eritt\u00e4in tehokkaalla ja edistyneell\u00e4 toimintaperiaatteella, ja se on suunniteltu erityisesti rehuhein\u00e4n, ruo'on ja muiden runsassatoisten kasvien leikkaamiseen. Sen toiminnallisuus perustuu leikkaus-, tasoitus- ja suojausmekanismien yhdistelm\u00e4\u00e4n, jotka varmistavat tarkkuuden, kest\u00e4vyyden ja sopeutumiskyvyn erilaisissa maatalousymp\u00e4rist\u00f6iss\u00e4.<\/p>\n<p>Sen toiminnan ytimess\u00e4 on integroitu leikkuup\u00e4\u00e4j\u00e4rjestelm\u00e4. Leikkurissa on py\u00f6re\u00e4\u00e4n leikkuup\u00e4\u00e4h\u00e4n asennetut kierretyt ter\u00e4t, jotka takaavat siistin ja tarkan leikkauksen. V\u00e4\u00e4nt\u00f6voimalevy parantaa leikkuuta ja varmistaa ter\u00e4v\u00e4mm\u00e4n ja tehokkaamman suorituskyvyn. T\u00e4m\u00e4n rakenteen ansiosta leikkuri pystyy k\u00e4sittelem\u00e4\u00e4n tihe\u00e4\u00e4 kasvillisuutta ja sitkeit\u00e4 ruokoja helposti, ja se leikkaa tasaisesti ja pehme\u00e4sti. Py\u00f6re\u00e4 leikkuup\u00e4\u00e4 on varustettu erinomaisella l\u00e4pikulkevuudella, mik\u00e4 est\u00e4\u00e4 kivien tai muiden esteiden aiheuttamat vauriot.<\/p>\n<p>Leikkurissa on hammastettu tasoituslaite, joka k\u00e4sittelee kasvuston heti leikkaamisen j\u00e4lkeen. T\u00e4m\u00e4 laite on erityisesti suunniteltu rikkomaan kasvuston varsien vahamainen kerros, mik\u00e4 helpottaa kosteuden vapautumista ja nopeuttaa kuivumisprosessia. Ensimm\u00e4iseksi leikatulle ruoholle leikkuri voidaan varustaa kumirullatyyppisell\u00e4 tasoituslaitteella, mik\u00e4 lis\u00e4\u00e4 sen k\u00e4ytt\u00f6mahdollisuuksia. Iskuhampaiden puoliksi k\u00e4\u00e4ntyv\u00e4 muotoilu mahdollistaa vieraiden esineiden, kuten kivien, kulkemisen l\u00e4pi vahingoittamatta ja suojaa tasoitusmekanismia.<\/p>\n<p>Superkelluva suojausj\u00e4rjestelm\u00e4 varmistaa, ett\u00e4 leikkurin leikkuup\u00e4\u00e4 nousee automaattisesti kohdatessaan esteit\u00e4, kuten kivi\u00e4 tai puun juuria. Kun este on poistunut, se palaa ty\u00f6asentoonsa varmistaen keskeytym\u00e4tt\u00f6m\u00e4n toiminnan. Yhdess\u00e4 kest\u00e4v\u00e4n \u00f6ljykylpyvaihteiston kanssa j\u00e4\u00e4hdytykseen ja voiteluun 9GQY-3.2 toimii sujuvasti ja tehokkaasti, mik\u00e4 tekee siit\u00e4 luotettavan ty\u00f6kalun tarkkuutta, kest\u00e4vyytt\u00e4 ja sopeutumiskyky\u00e4 vaativiin maatalousteht\u00e4viin.<\/p>\n<p><img loading=\"lazy\" decoding=\"async\" class=\"aligncenter wp-image-495 size-full\" src=\"https:\/\/round-balers.com\/wp-content\/uploads\/2026\/01\/9GQY-3.2-Lawn-Mower-Working-Principle.webp\" alt=\"9GQY-3.2 Lawn Mower Working Principle\" width=\"1200\" height=\"700\" srcset=\"https:\/\/round-balers.com\/wp-content\/uploads\/2026\/01\/9GQY-3.2-Lawn-Mower-Working-Principle.webp 1200w, https:\/\/round-balers.com\/wp-content\/uploads\/2026\/01\/9GQY-3.2-Lawn-Mower-Working-Principle-980x572.webp 980w, https:\/\/round-balers.com\/wp-content\/uploads\/2026\/01\/9GQY-3.2-Lawn-Mower-Working-Principle-480x280.webp 480w\" sizes=\"(min-width: 0px) and (max-width: 480px) 480px, (min-width: 481px) and (max-width: 980px) 980px, (min-width: 981px) 1200px, 100vw\" \/><\/p>\n<h2>Usein kysytyt kysymykset<\/h2>\n<div class=\"Message_messageTextContainer__w64Sc\">\n<div class=\"Message_selectableText__SQ8WH\">\n<div class=\"Markdown_markdownContainer__Tz3HQ\">\n<div class=\"Prose_prose__7AjXb Prose_presets_prose__H9VRM Prose_presets_theme-hi-contrast__LQyM9\">\n<p><strong>K: Mik\u00e4 on 9GQY-3.2 -ruohonleikkurin ensisijainen tarkoitus?<\/strong><br \/>\nA: 9GQY-3.2 -ruohonleikkuri on suunniteltu erityisesti rehuhein\u00e4n, ruo'on ja vastaavien viljelykasvien leikkaamiseen. Se sopii erinomaisesti maatalousk\u00e4ytt\u00f6\u00f6n, kuten runsassatoisten heinien korjaamiseen karjanrehuksi, ja varmistaa samalla tehokkaan leikkaamisen ja tasoituksen optimaalisen kuivumisen ja uudelleenkasvun takaamiseksi.<\/p>\n<p><strong>K: Miten superkelluva suojausj\u00e4rjestelm\u00e4 toimii?<\/strong><br \/>\nA: Ruohonleikkurissa on eritt\u00e4in kelluva suojausj\u00e4rjestelm\u00e4, joka nostaa leikkuup\u00e4\u00e4n automaattisesti kohdatessaan esteit\u00e4, kuten kivi\u00e4 tai puun juuria. Esteen poistamisen j\u00e4lkeen leikkuup\u00e4\u00e4 palaa ty\u00f6asentoonsa varmistaen keskeytym\u00e4tt\u00f6m\u00e4n toiminnan ja suojaten laitetta.<\/p>\n<p><strong>K: Millaisessa maastossa ruohonleikkuri pystyy liikkumaan?<\/strong><br \/>\nA: Ainutlaatuisen kaksoisjousitusj\u00e4rjestelm\u00e4ns\u00e4 ansiosta leikkuri mukautuu erilaisiin maastoihin, kuten ep\u00e4tasaisiin ja kalteviin pintoihin. Leikkuup\u00e4\u00e4 ja tasoituslaite toimivat rungosta riippumatta, mik\u00e4 mahdollistaa erinomaisen maanpinnan j\u00e4ljittelyn ja tasaisen leikkuun haastavissa maisemissa.<\/p>\n<p><strong>K: Mit\u00e4 kasveja ruohonleikkuri voi k\u00e4sitell\u00e4?<\/strong><br \/>\nA: Ruohonleikkuri sopii rehuhein\u00e4n, ruo'on ja Poaceae-heimon kasvien leikkaamiseen. Se toimii tehokkaasti my\u00f6s tasoitusta vaativien kasvien, kuten sinimailasen tai apilan, leikkaamalla niiden vahamaiset kerrokset nopeampaa kuivumista varten ja parantamalla rehuaineiden laatua.<\/p>\n<p><strong>K: Miten hammastettu tasoituslaite parantaa tehokkuutta?<\/strong><br \/>\nA: Hammastettu tasoituslaite on suunniteltu leikkaamaan sadonkorsien vahamaisen kerroksen l\u00e4pi, mik\u00e4 mahdollistaa nopeamman kosteuden haihtumisen. Sen puoliksi k\u00e4\u00e4ntyv\u00e4t iskuhampaat p\u00e4\u00e4st\u00e4v\u00e4t kivet ja roskat l\u00e4pi vahingoittumatta, mik\u00e4 varmistaa sujuvan toiminnan ja v\u00e4hent\u00e4\u00e4 yll\u00e4pitokustannuksia.<\/p>\n<p><strong>K: Mit\u00e4 leikkuuj\u00e4rjestelm\u00e4\u00e4 ruohonleikkuri k\u00e4ytt\u00e4\u00e4?<\/strong><br \/>\nA: 9GQY-3.2 k\u00e4ytt\u00e4\u00e4 kierrettyj\u00e4 teri\u00e4 py\u00f6re\u00e4ss\u00e4 leikkuup\u00e4\u00e4ss\u00e4. T\u00e4m\u00e4 j\u00e4rjestelm\u00e4 varmistaa siistin ja tarkan leikkauksen jopa tihe\u00e4ss\u00e4 kasvillisuudessa. V\u00e4\u00e4nt\u00f6voimalevy parantaa suorituskyky\u00e4 tehden leikkauksesta nopeamman, ter\u00e4v\u00e4mm\u00e4n ja tehokkaamman satoisissa ymp\u00e4rist\u00f6iss\u00e4.<\/p>\n<p><strong>K: Miten vaihdelaatikko on suunniteltu kest\u00e4m\u00e4\u00e4n?<\/strong><br \/>\nA: Leikkuukoneessa on integroitu \u00f6ljykylpyvaihteisto, joka tarjoaa erinomaisen j\u00e4\u00e4hdytyksen ja voitelun. T\u00e4ysin hitsattu rakenne est\u00e4\u00e4 \u00f6ljyvuodot, minimoi huollon tarpeen ja varmistaa pitk\u00e4aikaisen luotettavuuden my\u00f6s intensiivisess\u00e4 maatalousk\u00e4yt\u00f6ss\u00e4.<\/p>\n<p><strong>K: Mitk\u00e4 ovat melutasot k\u00e4yt\u00f6n aikana?<\/strong><br \/>\nA: Ruohonleikkurin melutaso on alhainen erityisen vaihderakenteensa ansiosta. T\u00e4m\u00e4 ominaisuus tekee sen k\u00e4yt\u00f6st\u00e4 mukavampaa pitk\u00e4aikaisesti, v\u00e4hent\u00e4\u00e4 melusaastetta ja parantaa k\u00e4ytt\u00e4jien ty\u00f6ymp\u00e4rist\u00f6\u00e4.<\/p>\n<p><strong>K: Miten ruohonleikkuri varmistaa ruohoj\u00e4tteen tasaisen jakautumisen?<\/strong><br \/>\nA: Leikkuri leikkaa siististi ja j\u00e4tt\u00e4\u00e4 kasvij\u00e4tteet tasaisesti maahan. T\u00e4m\u00e4 tasainen leikkuuprosessi varmistaa, ett\u00e4 j\u00e4ljelle j\u00e4\u00e4v\u00e4 sato levi\u00e4\u00e4 tasaisesti, mik\u00e4 edist\u00e4\u00e4 terveemp\u00e4\u00e4 kasvua ja luo vankan pohjan seuraavalle sadonkorjuujaksolle.<\/p>\n<p><img loading=\"lazy\" decoding=\"async\" class=\"aligncenter wp-image-496 size-full\" src=\"https:\/\/round-balers.com\/wp-content\/uploads\/2026\/01\/9GQY-3.2-Lawn-Mower-1.webp\" alt=\"9GQY-3.2 ruohonleikkuri\" width=\"1200\" height=\"780\" srcset=\"https:\/\/round-balers.com\/wp-content\/uploads\/2026\/01\/9GQY-3.2-Lawn-Mower-1.webp 1200w, https:\/\/round-balers.com\/wp-content\/uploads\/2026\/01\/9GQY-3.2-Lawn-Mower-1-980x637.webp 980w, https:\/\/round-balers.com\/wp-content\/uploads\/2026\/01\/9GQY-3.2-Lawn-Mower-1-480x312.webp 480w\" sizes=\"(min-width: 0px) and (max-width: 480px) 480px, (min-width: 481px) and (max-width: 980px) 980px, (min-width: 981px) 1200px, 100vw\" \/><\/p>\n<h2>Asiakasarvostelut<\/h2>\n<p><strong>Yhdysvaltain asiakas:<\/strong><br \/>\n&#8220;The 9GQY-3.2 Lawn Mower has been a game-changer for my farm. Its ability to harvest forage grass and reeds efficiently has significantly improved our productivity. The machine\u2019s durability and easy operation make it ideal for large-scale farming. Plus, the maintenance is straightforward, saving us valuable time during peak harvest seasons!&#8221;<\/p>\n<p><strong>Australialainen asiakas:<\/strong><br \/>\n&#8220;Operating on uneven terrains in Australia can be challenging, but the 9GQY-3.2 handles it effortlessly. Its double suspension system ensures smooth performance even on sloped fields. The quality of the cut is exceptional, and the mower\u2019s reliability has reduced our downtime drastically.&#8221;<\/p>\n<p><strong>Brasilialainen asiakas:<\/strong><br \/>\n&#8220;We grow high-yield forage in Brazil, and the 9GQY-3.2 has been perfect for our needs. Its toothed flattening device breaks down the waxy layer of our crops, accelerating the drying process. This feature alone has significantly improved the quality of our feed.&#8221;<\/p>\n<p><strong>Ranskalainen asiakas:<\/strong><br \/>\n&#8220;French farms demand precision, and the 9GQY-3.2 exceeds expectations. The clean cuts and even residue distribution have greatly improved the regrowth of our forage grass. Its low noise operation is another standout feature, making it a pleasure to use daily.&#8221;<\/p>\n<p><strong>Saksalainen asiakas:<\/strong><br \/>\n&#8220;German engineering standards are high, and the 9GQY-3.2 fits right in. The fully welded gearbox is robust and leak-free, while its oil bath system ensures smooth operations without overheating. We\u2019ve seen a noticeable reduction in maintenance costs since switching to this mower.&#8221;<\/p>\n<p><strong>Kanadalainen asiakas:<\/strong><br \/>\n&#8220;Our Canadian farm deals with tough winter conditions, and the 9GQY-3.2 performs exceptionally well, even after prolonged periods of storage. Its circular cutter head handles dense grass and reeds effortlessly, and the floating protection system has minimized damage from hidden obstacles.&#8221;<\/p>\n<p><strong>Alankomaiden asiakas:<\/strong><br \/>\n&#8220;Dutch farms require precision and efficiency, and the 9GQY-3.2 delivers both. The mower\u2019s ability to adapt to our flat yet wet terrains is impressive. The striking tooth flattening device works perfectly, ensuring our harvested crops dry evenly and quickly.&#8221;<\/p>\n<p><strong>Ven\u00e4j\u00e4 Asiakas:<\/strong><br \/>\n&#8220;The 9GQY-3.2 has proven to be a reliable tool for our large-scale operations in Russia. Its ability to handle reeds and tough grasses in marshy areas is unmatched. The twisted blades ensure precise cutting, saving us time and improving efficiency.&#8221;<\/p>\n<p><strong>Intialainen asiakas:<\/strong><br \/>\n&#8220;In India, we deal with diverse terrain and dense crops, but the 9GQY-3.2 has performed flawlessly. The super floating protection system ensures smooth operation even when encountering stones or roots. It\u2019s a versatile and durable machine that\u2019s perfect for our needs.&#8221;<\/p>\n<\/div>\n<\/div>\n<\/div>\n<\/div>","protected":false},"excerpt":{"rendered":"<p>Vetotyyppinen 9GQY-3.2 ruohonleikkuri on suunniteltu erityisesti rehuhein\u00e4n ja ruo'on korjaamiseen. Se on varustettu eritt\u00e4in kelluvalla suojalaitteella. Kohdatessaan kivi\u00e4 tai puiden juuria se nousee automaattisesti yl\u00f6s. Esteen ylityksen j\u00e4lkeen se palaa automaattisesti ty\u00f6asentoon, mik\u00e4 paitsi suojaa leikkuup\u00e4\u00e4t\u00e4 my\u00f6s parantaa ty\u00f6tehokkuutta. Siin\u00e4 on ainutlaatuinen kaksoisjousitus. Leikkuup\u00e4\u00e4j\u00e4rjestelm\u00e4 ja litistyslaite ovat riippumattomia rungosta, niill\u00e4 on voimakas muodonj\u00e4ljittelykyky ja ne soveltuvat kaikkiin maasto-olosuhteisiin.<\/p>","protected":false},"featured_media":491,"template":"","meta":{"_et_pb_use_builder":"","_et_pb_old_content":"","_et_gb_content_width":""},"product_brand":[],"product_cat":[21],"product_tag":[30,31,34,32,33],"class_list":{"0":"post-490","1":"product","2":"type-product","3":"status-publish","4":"has-post-thumbnail","6":"product_cat-lawn-mowers","7":"product_tag-lawn-mower","8":"product_tag-lawn-mower-for-sale","9":"product_tag-lawn-mower-for-tractor","10":"product_tag-lawn-mower-manufacturers","11":"product_tag-lawn-mower-suppliers","13":"first","14":"instock","15":"shipping-taxable","16":"product-type-simple"},"_links":{"self":[{"href":"https:\/\/round-balers.com\/fi\/wp-json\/wp\/v2\/product\/490","targetHints":{"allow":["GET"]}}],"collection":[{"href":"https:\/\/round-balers.com\/fi\/wp-json\/wp\/v2\/product"}],"about":[{"href":"https:\/\/round-balers.com\/fi\/wp-json\/wp\/v2\/types\/product"}],"wp:featuredmedia":[{"embeddable":true,"href":"https:\/\/round-balers.com\/fi\/wp-json\/wp\/v2\/media\/491"}],"wp:attachment":[{"href":"https:\/\/round-balers.com\/fi\/wp-json\/wp\/v2\/media?parent=490"}],"wp:term":[{"taxonomy":"product_brand","embeddable":true,"href":"https:\/\/round-balers.com\/fi\/wp-json\/wp\/v2\/product_brand?post=490"},{"taxonomy":"product_cat","embeddable":true,"href":"https:\/\/round-balers.com\/fi\/wp-json\/wp\/v2\/product_cat?post=490"},{"taxonomy":"product_tag","embeddable":true,"href":"https:\/\/round-balers.com\/fi\/wp-json\/wp\/v2\/product_tag?post=490"}],"curies":[{"name":"wp","href":"https:\/\/api.w.org\/{rel}","templated":true}]}}